{"id":12,"date":"2024-07-08T23:50:06","date_gmt":"2024-07-08T23:50:06","guid":{"rendered":"https:\/\/owlacademy.com.co\/instructor\/"},"modified":"2025-01-12T01:06:23","modified_gmt":"2025-01-12T01:06:23","slug":"instructor","status":"publish","type":"page","link":"https:\/\/owlacademy.com.co\/?page_id=12","title":{"rendered":"Instructor"},"content":{"rendered":"\t\t<div data-elementor-type=\"wp-page\" data-elementor-id=\"12\" class=\"elementor elementor-12\">\n\t\t\t\t\t\t<section class=\"elementor-section elementor-top-section elementor-element elementor-element-6c01aec8 elementor-section-boxed elementor-section-height-default elementor-section-height-default\" data-id=\"6c01aec8\" data-element_type=\"section\">\n\t\t\t\t\t\t<div class=\"elementor-container elementor-column-gap-default\">\n\t\t\t\t\t<div class=\"elementor-column elementor-col-100 elementor-top-column elementor-element elementor-element-102d20e4\" data-id=\"102d20e4\" data-element_type=\"column\">\n\t\t\t<div class=\"elementor-widget-wrap elementor-element-populated\">\n\t\t\t\t\t\t<div class=\"elementor-element elementor-element-6b83389e elementor-widget elementor-widget-text-editor\" data-id=\"6b83389e\" data-element_type=\"widget\" data-widget_type=\"text-editor.default\">\n\t\t\t\t<div class=\"elementor-widget-container\">\n\t\t\t\t\t\t\t<!-- wp:shortcode --><!-- \/wp:shortcode -->\t\t\t\t\t\t<\/div>\n\t\t\t\t<\/div>\n\t\t\t\t\t<\/div>\n\t\t<\/div>\n\t\t\t\t\t<\/div>\n\t\t<\/section>\n\t\t\t\t<section class=\"elementor-section elementor-top-section elementor-element elementor-element-d020e9d elementor-section-boxed elementor-section-height-default elementor-section-height-default\" data-id=\"d020e9d\" data-element_type=\"section\">\n\t\t\t\t\t\t<div class=\"elementor-container elementor-column-gap-default\">\n\t\t\t\t\t<div class=\"elementor-column elementor-col-100 elementor-top-column elementor-element elementor-element-79deb0b\" data-id=\"79deb0b\" data-element_type=\"column\">\n\t\t\t<div class=\"elementor-widget-wrap elementor-element-populated\">\n\t\t\t\t\t\t<div class=\"elementor-element elementor-element-79c108b elementor-widget elementor-widget-gva-teams\" data-id=\"79c108b\" data-element_type=\"widget\" data-widget_type=\"gva-teams.default\">\n\t\t\t\t<div class=\"elementor-widget-container\">\n\t\t\t<div class=\"gva-element-gva-teams gva-element\">\r\n   <div class=\"gva-teams-carousel\" data-filter=\"cnwb\">\r\n      <div class=\"init-carousel-owl owl-carousel\" data-items=\"4\" data-items_lg=\"4\" data-items_md=\"3\" data-items_sm=\"2\" data-items_xs=\"2\" data-loop=\"1\" data-speed=\"800\" data-auto_play=\"1\" data-auto_play_speed=\"800\" data-auto_play_timeout=\"6000\" data-auto_play_hover=\"1\" data-navigation=\"1\" data-pagination=\"0\" data-mouse_drag=\"1\" data-touch_drag=\"1\" >\r\n          <div class=\"team-block team-v1\">\n\t\t\t<div class=\"team-image\">\n         <div class=\"team-image-inner\">\n\t\t \t  <a href=\"https:\/\/owlacademy.com.co\/?gva_team=alvaro-mesa\"><img fetchpriority=\"high\" decoding=\"async\" width=\"450\" height=\"500\" src=\"https:\/\/owlacademy.com.co\/wp-content\/uploads\/2025\/01\/mesaok.jpg\" class=\"attachment-medium size-medium wp-post-image\" alt=\"\" \/><\/a>\n         <\/div>  \n\t\t<\/div>\n\t\t<div class=\"team-content\">\n\t   <div class=\"team-name\"><a href=\"https:\/\/owlacademy.com.co\/?gva_team=alvaro-mesa\">Alvaro Mesa<\/a><\/div>\n\t      \n\t   \t<div class=\"team-job\">Profesor<\/div>\n\t   \t   <div class=\"team-body\">Experto en Programaci\u00f3n<\/div>\n\t<\/div>\n       <div class=\"socials-team\">\n                        <a class=\"gva-social\" href=\"\">\n              <i class=\"fab fa-facebook\"><\/i>\n           <\/a>\n           \n                        <a class=\"gva-social\" href=\"\">\n              <i class=\"fab fa-instagram\"><\/i>\n           <\/a>\n           \n          <\/div>\n  <\/div>  <div class=\"team-block team-v1\">\n\t\t\t<div class=\"team-image\">\n         <div class=\"team-image-inner\">\n\t\t \t  <a href=\"https:\/\/owlacademy.com.co\/?gva_team=fredy\"><img decoding=\"async\" width=\"450\" height=\"500\" src=\"https:\/\/owlacademy.com.co\/wp-content\/uploads\/2018\/03\/3fred.jpg\" class=\"attachment-medium size-medium wp-post-image\" alt=\"\" \/><\/a>\n         <\/div>  \n\t\t<\/div>\n\t\t<div class=\"team-content\">\n\t   <div class=\"team-name\"><a href=\"https:\/\/owlacademy.com.co\/?gva_team=fredy\">Fredy Gallego<\/a><\/div>\n\t      \n\t   \t<div class=\"team-job\">Profesor<\/div>\n\t   \t   <div class=\"team-body\">Experto en 3D<\/div>\n\t<\/div>\n       <div class=\"socials-team\">\n                        <a class=\"gva-social\" href=\"#\">\n              <i class=\"fab fa-facebook\"><\/i>\n           <\/a>\n           \n                        <a class=\"gva-social\" href=\"#\">\n              <i class=\"fab fa-instagram\"><\/i>\n           <\/a>\n           \n          <\/div>\n  <\/div>  <div class=\"team-block team-v1\">\n\t\t\t<div class=\"team-image\">\n         <div class=\"team-image-inner\">\n\t\t \t  <a href=\"https:\/\/owlacademy.com.co\/?gva_team=laurie-laforest-copy\"><img decoding=\"async\" width=\"450\" height=\"500\" src=\"https:\/\/owlacademy.com.co\/wp-content\/uploads\/2018\/03\/okar-ceo.jpg\" class=\"attachment-medium size-medium wp-post-image\" alt=\"\" \/><\/a>\n         <\/div>  \n\t\t<\/div>\n\t\t<div class=\"team-content\">\n\t   <div class=\"team-name\"><a href=\"https:\/\/owlacademy.com.co\/?gva_team=laurie-laforest-copy\">Oskar  Beltr\u00e1n<\/a><\/div>\n\t      \n\t   \t<div class=\"team-job\">Profesor<\/div>\n\t   \t   <div class=\"team-body\">Ceo OWL<\/div>\n\t<\/div>\n       <div class=\"socials-team\">\n                        <a class=\"gva-social\" href=\"#\">\n              <i class=\"fab fa-facebook\"><\/i>\n           <\/a>\n           \n                        <a class=\"gva-social\" href=\"#\">\n              <i class=\"fab fa-instagram\"><\/i>\n           <\/a>\n           \n          <\/div>\n  <\/div>  <div class=\"team-block team-v1\">\n\t\t\t<div class=\"team-image\">\n         <div class=\"team-image-inner\">\n\t\t \t  <a href=\"https:\/\/owlacademy.com.co\/?gva_team=laurie-laforest\"><img loading=\"lazy\" decoding=\"async\" width=\"450\" height=\"500\" src=\"https:\/\/owlacademy.com.co\/wp-content\/uploads\/2018\/02\/andre-ok.jpg\" class=\"attachment-medium size-medium wp-post-image\" alt=\"\" \/><\/a>\n         <\/div>  \n\t\t<\/div>\n\t\t<div class=\"team-content\">\n\t   <div class=\"team-name\"><a href=\"https:\/\/owlacademy.com.co\/?gva_team=laurie-laforest\">Andr\u00e9s Mej\u00eda<\/a><\/div>\n\t      \n\t   \t<div class=\"team-job\">Profesor<\/div>\n\t   \t   <div class=\"team-body\">Experto en Programaci\u00f3n<\/div>\n\t<\/div>\n       <div class=\"socials-team\">\n                        <a class=\"gva-social\" href=\"#\">\n              <i class=\"fab fa-facebook\"><\/i>\n           <\/a>\n           \n                        <a class=\"gva-social\" href=\"#\">\n              <i class=\"fab fa-instagram\"><\/i>\n           <\/a>\n           \n          <\/div>\n  <\/div>  <div class=\"team-block team-v1\">\n\t\t\t<div class=\"team-image\">\n         <div class=\"team-image-inner\">\n\t\t \t  <a href=\"https:\/\/owlacademy.com.co\/?gva_team=chelsea-deitch\"><img loading=\"lazy\" decoding=\"async\" width=\"450\" height=\"500\" src=\"https:\/\/owlacademy.com.co\/wp-content\/uploads\/2018\/02\/monti-ok.jpg\" class=\"attachment-medium size-medium wp-post-image\" alt=\"\" \/><\/a>\n         <\/div>  \n\t\t<\/div>\n\t\t<div class=\"team-content\">\n\t   <div class=\"team-name\"><a href=\"https:\/\/owlacademy.com.co\/?gva_team=chelsea-deitch\">Jos\u00e9 Montilla<\/a><\/div>\n\t      \n\t   \t<div class=\"team-job\">Profesor<\/div>\n\t   \t   <div class=\"team-body\">Experto audiovisual<\/div>\n\t<\/div>\n       <div class=\"socials-team\">\n                        <a class=\"gva-social\" href=\"#\">\n              <i class=\"fab fa-facebook\"><\/i>\n           <\/a>\n           \n                        <a class=\"gva-social\" href=\"#\">\n              <i class=\"fab fa-instagram\"><\/i>\n           <\/a>\n           \n          <\/div>\n  <\/div>  <div class=\"team-block team-v1\">\n\t\t\t<div class=\"team-image\">\n         <div class=\"team-image-inner\">\n\t\t \t  <a href=\"https:\/\/owlacademy.com.co\/?gva_team=ralph-marino\"><img loading=\"lazy\" decoding=\"async\" width=\"450\" height=\"500\" src=\"https:\/\/owlacademy.com.co\/wp-content\/uploads\/2018\/02\/aguila.jpg\" class=\"attachment-medium size-medium wp-post-image\" alt=\"\" \/><\/a>\n         <\/div>  \n\t\t<\/div>\n\t\t<div class=\"team-content\">\n\t   <div class=\"team-name\"><a href=\"https:\/\/owlacademy.com.co\/?gva_team=ralph-marino\">Alejandra Aguilar<\/a><\/div>\n\t      \n\t   \t<div class=\"team-job\">Profesora<\/div>\n\t   \t   <div class=\"team-body\">Coach Modelo Bailarina<\/div>\n\t<\/div>\n       <div class=\"socials-team\">\n                        <a class=\"gva-social\" href=\"#\">\n              <i class=\"fab fa-facebook\"><\/i>\n           <\/a>\n           \n                        <a class=\"gva-social\" href=\"#\">\n              <i class=\"fab fa-instagram\"><\/i>\n           <\/a>\n           \n          <\/div>\n  <\/div>        <\/div>\r\n   <\/div>\r\n  <\/div>\t\t<\/div>\n\t\t\t\t<\/div>\n\t\t\t\t\t<\/div>\n\t\t<\/div>\n\t\t\t\t\t<\/div>\n\t\t<\/section>\n\t\t\t\t<\/div>\n\t\t","protected":false},"excerpt":{"rendered":"<p>Fredy Gallego Profesor Experto en 3D Oskar Beltr\u00e1n Profesor Ceo OWL Andr\u00e9s Mej\u00eda Profesor Experto en Programaci\u00f3n Jos\u00e9 Montilla Profesor [&hellip;]<\/p>\n","protected":false},"author":2,"featured_media":0,"parent":0,"menu_order":0,"comment_status":"closed","ping_status":"closed","template":"","meta":{"footnotes":""},"class_list":["post-12","page","type-page","status-publish","hentry"],"_links":{"self":[{"href":"https:\/\/owlacademy.com.co\/index.php?rest_route=\/wp\/v2\/pages\/12","targetHints":{"allow":["GET"]}}],"collection":[{"href":"https:\/\/owlacademy.com.co\/index.php?rest_route=\/wp\/v2\/pages"}],"about":[{"href":"https:\/\/owlacademy.com.co\/index.php?rest_route=\/wp\/v2\/types\/page"}],"author":[{"embeddable":true,"href":"https:\/\/owlacademy.com.co\/index.php?rest_route=\/wp\/v2\/users\/2"}],"replies":[{"embeddable":true,"href":"https:\/\/owlacademy.com.co\/index.php?rest_route=%2Fwp%2Fv2%2Fcomments&post=12"}],"version-history":[{"count":3,"href":"https:\/\/owlacademy.com.co\/index.php?rest_route=\/wp\/v2\/pages\/12\/revisions"}],"predecessor-version":[{"id":7601,"href":"https:\/\/owlacademy.com.co\/index.php?rest_route=\/wp\/v2\/pages\/12\/revisions\/7601"}],"wp:attachment":[{"href":"https:\/\/owlacademy.com.co\/index.php?rest_route=%2Fwp%2Fv2%2Fmedia&parent=12"}],"curies":[{"name":"wp","href":"https:\/\/api.w.org\/{rel}","templated":true}]}}